{"id":1253,"date":"2025-06-16T15:20:35","date_gmt":"2025-06-16T15:20:35","guid":{"rendered":"https:\/\/www.officialdavutkiray.com\/?page_id=1253"},"modified":"2025-07-04T00:27:45","modified_gmt":"2025-07-04T00:27:45","slug":"web-tasarim-ve-gelistirme-ui-ux","status":"publish","type":"page","link":"https:\/\/www.officialdavutkiray.com\/eng\/hizmetlerim\/web-tasarim-ve-gelistirme-ui-ux\/","title":{"rendered":"Web Design and Development (UI \/ UX)"},"content":{"rendered":"<div data-aos= \"fade-up\" data-aos-duration=\"400\" data-aos-delay=\"0\" data-aos-easing=\"ease\" data-aos-once=\"true\" class=\"wp-block-uagb-container uagb-layout-grid uagb-block-dcd54d79 alignfull uagb-is-root-container\">\n<div data-aos= \"zoom-in-down\" data-aos-duration=\"400\" data-aos-delay=\"0\" data-aos-easing=\"ease\" data-aos-once=\"true\" class=\"wp-block-uagb-advanced-heading uagb-block-14e416f9\"><h1 class=\"uagb-heading-text\"><strong>Web Design and Development [UI\/UX]<\/strong><\/h1><div class=\"uagb-separator\"><\/div><p class=\"uagb-desc-text\">Corporate Brand \/ e-Commerce<\/p><\/div>\n\n\n\n<div class=\"wp-block-uagb-container uagb-block-dc2ca107\">\n<div data-aos= \"fade-up\" data-aos-duration=\"400\" data-aos-delay=\"0\" data-aos-easing=\"ease\" data-aos-once=\"true\" class=\"wp-block-uagb-image uagb-block-047863f2 wp-block-uagb-image--layout-overlay wp-block-uagb-image--effect-zoomin wp-block-uagb-image--align-none\"><figure class=\"wp-block-uagb-image__figure\"><a class=\"\" href=\"https:\/\/www.officialdavutkiray.com\/eng\/iletisim\/\" target=\"\" rel=\"noopener\"><img loading=\"lazy\" decoding=\"async\" srcset=\"https:\/\/www.officialdavutkiray.com\/wp-content\/uploads\/2025\/06\/4.webp ,https:\/\/www.officialdavutkiray.com\/wp-content\/uploads\/2025\/06\/4.webp 780w, https:\/\/www.officialdavutkiray.com\/wp-content\/uploads\/2025\/06\/4.webp 360w\" sizes=\"auto, (max-width: 480px) 150px\" src=\"https:\/\/www.officialdavutkiray.com\/wp-content\/uploads\/2025\/06\/4.webp\" alt=\"\" class=\"uag-image-982\" width=\"1220\" height=\"380\" title=\"4\" role=\"img\"\/><\/a><div class=\"wp-block-uagb-image--layout-overlay__color-wrapper\"><\/div><div class=\"wp-block-uagb-image--layout-overlay__inner bottom-left\"><a class=\"wp-block-uagb-image--layout-overlay-link\" href=\"https:\/\/www.officialdavutkiray.com\/eng\/iletisim\/\" target=\"\" rel=\"noopener\"><\/a><h3 class=\"uagb-image-heading\">In the digital world <br>Making you stand out<br>I offer solutions.<\/h3><figcaption class=\"uagb-image-caption\">Digital Marketing Consultant \u2013 Davut KIRAY<\/figcaption><\/div><\/figure><\/div>\n<\/div>\n<\/div>\n\n\n\n<p><\/p>\n\n\n\n<div data-aos= \"fade-down\" data-aos-duration=\"400\" data-aos-delay=\"0\" data-aos-easing=\"ease\" data-aos-once=\"true\" class=\"wp-block-uagb-container uagb-block-3ef40dfe alignwide uagb-is-root-container\">\n<div class=\"wp-block-uagb-container uagb-block-59503f55\">\n<div class=\"wp-block-uagb-advanced-heading uagb-block-06dee17c\"><h2 class=\"uagb-heading-text\"><strong>Dijital d\u00fcnyada \u0130lk \u0130zlenimin %94\u2019\u00fc tasar\u0131mla ba\u015flar.<\/strong><\/h2><\/div>\n\n\n\n<p class=\"has-text-align-left has-background\" style=\"background-color:#a9e4eb1c;font-size:18px\">But just having a \u201cgood looking\u201d website is not enough.<br>To you <strong>customer-centric, conversion-focused and AI-powered SEO compatible<\/strong> We are preparing a digital showcase<\/p>\n\n\n\n<div class=\"wp-block-uagb-image uagb-block-696059f0 wp-block-uagb-image--layout-overlay wp-block-uagb-image--effect-static wp-block-uagb-image--align-none\"><figure class=\"wp-block-uagb-image__figure\"><img loading=\"lazy\" decoding=\"async\" srcset=\"https:\/\/www.officialdavutkiray.com\/wp-content\/uploads\/2025\/06\/data-codes-through-eyeglasses-577585-1024x768.jpeg ,https:\/\/www.officialdavutkiray.com\/wp-content\/uploads\/2025\/06\/data-codes-through-eyeglasses-577585.jpeg 780w, https:\/\/www.officialdavutkiray.com\/wp-content\/uploads\/2025\/06\/data-codes-through-eyeglasses-577585.jpeg 360w\" sizes=\"auto, (max-width: 480px) 150px\" src=\"https:\/\/www.officialdavutkiray.com\/wp-content\/uploads\/2025\/06\/data-codes-through-eyeglasses-577585-1024x768.jpeg\" alt=\"Eyeglasses reflecting computer code on a monitor, ideal for technology and programming themes.\" class=\"uag-image-834\" width=\"567\" height=\"425\" title=\"data-codes-through-eyeglasses-577585\" role=\"img\"\/><div class=\"wp-block-uagb-image--layout-overlay__color-wrapper\"><\/div><div class=\"wp-block-uagb-image--layout-overlay__inner top-center\"><h2 class=\"uagb-image-heading\">Web Development<\/h2><figcaption class=\"uagb-image-caption\">Digital Marketing Consultant | Davut KIRAY<\/figcaption><\/div><\/figure><\/div>\n\n\n\n<div class=\"wp-block-uagb-advanced-heading uagb-block-7b06a228\"><h6 class=\"uagb-heading-text\"><em>\u201cWeb design is the art of providing people with the best experience so they can easily access information.\u201d<\/em><\/h6><\/div>\n\n\n\n<div class=\"wp-block-uagb-advanced-heading uagb-block-a8f7109d\"><h6 class=\"uagb-heading-text\"><em>(Web design is the art of creating the best experience for people to access information easily.)<\/em><\/h6><\/div>\n\n\n\n<div class=\"wp-block-uagb-advanced-heading uagb-block-1b5f640b\"><h6 class=\"uagb-heading-text\"><strong><em>Tim Berners-Lee (Inventor of the World Wide Web)<br><\/em><\/strong><\/h6><\/div>\n\n\n\n<hr class=\"wp-block-separator has-text-color has-ast-global-color-3-color has-alpha-channel-opacity has-ast-global-color-3-background-color has-background is-style-wide\" style=\"margin-top:var(--wp--preset--spacing--50);margin-bottom:var(--wp--preset--spacing--50)\"\/>\n<\/div>\n\n\n\n<div class=\"wp-block-uagb-container uagb-block-c104a395\">\n<div class=\"wp-block-uagb-advanced-heading uagb-block-8d298890\"><h2 class=\"uagb-heading-text\"><strong>How Smart Is Your Website in the Age of AI?<\/strong><\/h2><\/div>\n\n\n\n<p class=\"has-text-align-left has-background\" style=\"background-color:#a9e4eb1c;font-size:18px\">\u2013 Almost all first impressions in the digital world <strong>by design<\/strong> begins. But above all <mark style=\"background-color:rgba(0, 0, 0, 0);color:#9b51e0\" class=\"has-inline-color\"><strong>in text and voice calls<\/strong><\/mark> It is a priority for you to stand out and rank before your horizontal competitors (those at the same level as you). <\/p>\n\n\n\n<p class=\"has-text-align-left has-background\" style=\"background-color:#a9e4eb1c;font-size:18px\">\u2013 Voice searches have now been added to our written search habits, as well as our current habits. <strong>Artificial Intelligence (AI) powered searches<\/strong>It was also added. These changing habits <strong>took the competition to another dimension.<\/strong><\/p>\n\n\n\n<p class=\"has-text-align-left has-background\" style=\"background-color:#a9e4eb1c;font-size:18px\">\u2013 From now on, first of all, Artificial Intelligence (AI) tools <em>visual<\/em>, <em>in writing and vocally<\/em> <strong>We must convince <\/strong>our website and other digital assets <strong>will increase its effect.<\/strong><\/p>\n\n\n\n<p class=\"has-text-align-left has-background\" style=\"background-color:#a9e4eb1c;font-size:18px\">\u2013 Therefore, it is now a site that appeals to the eye <strong>not enough<\/strong>For this reason, we do not just design a website for your brand; <em>user experience<\/em> centered, <em>mobile compatible, speed and security<\/em> In terms of <strong>Optimized <\/strong>designed and compatible with SEO and AI-SEO algorithms <strong>I am building a digital structure<\/strong>.\u00a0<\/p>\n\n\n\n<div data-aos= \"zoom-in-up\" data-aos-duration=\"400\" data-aos-delay=\"0\" data-aos-easing=\"ease\" data-aos-once=\"true\" class=\"wp-block-uagb-call-to-action uagb-block-a0b2db93 wp-block-button\"><div class=\"uagb-cta__wrap\"><h4 class=\"uagb-cta__title\"><strong><em>For Website Setup and Support<\/em><\/strong><\/h4><p class=\"uagb-cta__desc\"><strong><em>If you would like to have a more visible and conversion-focused digital showcase for your brand or business, collaborate with me. <\/em><\/strong><\/p><\/div><div class=\"uagb-cta__buttons\"><a href=\"https:\/\/www.officialdavutkiray.com\/eng\/iletisim\/\" class=\"uagb-cta__button-link-wrapper ast-outline-button\" target=\"_self\" rel=\"noopener noreferrer\" style=\"border-width:revert-layer\"><svg xmlns=\"https:\/\/www.w3.org\/2000\/svg\" viewbox=\"0 0 512 512\"><path d=\"M502.6 278.6l-128 128c-12.51 12.51-32.76 12.49-45.25 0c-12.5-12.5-12.5-32.75 0-45.25L402.8 288H32C14.31 288 0 273.7 0 255.1S14.31 224 32 224h370.8l-73.38-73.38c-12.5-12.5-12.5-32.75 0-45.25s32.75-12.5 45.25 0l128 128C515.1 245.9 515.1 266.1 502.6 278.6z\"><\/path><\/svg>Contact us<\/a><\/div><\/div>\n\n\n\n<p class=\"has-text-align-left has-background\" style=\"background-color:#a9e4eb1c;font-size:18px\">\u2013 Artificial intelligence-supported content structures are highlighted by Google<strong> Search intent compatible title edits<\/strong> And <strong>conversion focused design<\/strong> your website with the understanding of a <strong>communication and sales tool<\/strong> I&#039;m transforming.<\/p>\n\n\n\n<p class=\"has-text-align-left has-background\" style=\"background-color:#a9e4eb1c;font-size:18px\">- Whether...or <strong>institutional <\/strong>a structure, whether <strong>e-commerce<\/strong> infrastructure, as well as the site&#039;s impact on visitors, <strong>guidance to take action<\/strong> is also a priority for us.<br><\/p>\n<\/div>\n<\/div>\n\n\n\n<div data-aos= \"zoom-out-down\" data-aos-duration=\"400\" data-aos-delay=\"0\" data-aos-easing=\"ease\" data-aos-once=\"true\" class=\"wp-block-uagb-container uagb-block-2e194ea8 alignwide uagb-is-root-container\">\n<div class=\"wp-block-group is-layout-constrained wp-block-group-is-layout-constrained\">\n<div class=\"wp-block-group is-layout-constrained wp-block-group-is-layout-constrained\">\n<div class=\"wp-block-columns is-layout-flex wp-container-core-columns-is-layout-28f84493 wp-block-columns-is-layout-flex\">\n<div class=\"wp-block-column is-layout-flow wp-block-column-is-layout-flow\" style=\"flex-basis:100%\">\n<div class=\"wp-block-uagb-info-box uagb-block-314e8806 uagb-infobox__content-wrap  uagb-infobox-icon-above-title uagb-infobox-image-valign-top\"><div class=\"uagb-ifb-content\"><div class=\"uagb-ifb-title-wrap\"><h2 class=\"uagb-ifb-title\">Start Your Digital Transformation Today<\/h2><\/div><div class=\"uagb-ifb-separator\"><\/div><p class=\"uagb-ifb-desc\"><strong>For digital marketing and web solutions, you can fill out the form, send an e-mail or take action using the WhatsApp button.<\/strong><\/p><div class=\"uagb-ifb-button-wrapper wp-block-button\"><a href=\"https:\/\/www.officialdavutkiray.com\/eng\/iletisim\/\" class=\"uagb-infobox-cta-link wp-block-button__link\" target=\"_self\" rel=\"noopener noreferrer\" onclick=\"return true;\"><span class=\"uagb-inline-editing\">Tell and Get Offer <\/span><svg xmlns=\"https:\/\/www.w3.org\/2000\/svg\" viewbox=\"0 0 384 512\"><path d=\"M342.6 182.6C336.4 188.9 328.2 192 319.1 192s-16.38-3.125-22.62-9.375L224 109.3V432c0 44.13-35.89 80-80 80H32c-17.67 0-32-14.31-32-32s14.33-32 32-32h112C152.8 448 160 440.8 160 432V109.3L86.62 182.6c-12.5 12.5-32.75 12.5-45.25 0s-12.5-32.75 0-45.25l127.1-128c12.5-12.5 32.75-12.5 45.25 0l128 128C355.1 149.9 355.1 170.1 342.6 182.6z\"><\/path><\/svg><\/a><\/div><\/div><\/div>\n<\/div>\n<\/div>\n<\/div>\n<\/div>\n<\/div>\n\n\n\n<p><\/p>\n\n\n\n<p><\/p>","protected":false},"excerpt":{"rendered":"<p>Web Tasar\u0131m ve Geli\u015ftirme [UI\/UX] Kurumsal Marka \/ e-Ticaret<\/p>","protected":false},"author":5,"featured_media":0,"parent":280,"menu_order":0,"comment_status":"closed","ping_status":"closed","template":"","meta":{"_uag_custom_page_level_css":"","site-sidebar-layout":"default","site-content-layout":"","ast-site-content-layout":"default","site-content-style":"default","site-sidebar-style":"default","ast-global-header-display":"","ast-banner-title-visibility":"","ast-main-header-display":"","ast-hfb-above-header-display":"","ast-hfb-below-header-display":"","ast-hfb-mobile-header-display":"","site-post-title":"disabled","ast-breadcrumbs-content":"","ast-featured-img":"","footer-sml-layout":"","ast-disable-related-posts":"","theme-transparent-header-meta":"enabled","adv-header-id-meta":"","stick-header-meta":"","header-above-stick-meta":"","header-main-stick-meta":"","header-below-stick-meta":"","astra-migrate-meta-layouts":"default","ast-page-background-enabled":"default","ast-page-background-meta":{"desktop":{"background-color":"var(--ast-global-color-4)","background-image":"","background-repeat":"repeat","background-position":"center center","background-size":"auto","background-attachment":"scroll","background-type":"","background-media":"","overlay-type":"","overlay-color":"","overlay-opacity":"","overlay-gradient":""},"tablet":{"background-color":"","background-image":"","background-repeat":"repeat","background-position":"center center","background-size":"auto","background-attachment":"scroll","background-type":"","background-media":"","overlay-type":"","overlay-color":"","overlay-opacity":"","overlay-gradient":""},"mobile":{"background-color":"","background-image":"","background-repeat":"repeat","background-position":"center center","background-size":"auto","background-attachment":"scroll","background-type":"","background-media":"","overlay-type":"","overlay-color":"","overlay-opacity":"","overlay-gradient":""}},"ast-content-background-meta":{"desktop":{"background-color":"var(--ast-global-color-5)","background-image":"","background-repeat":"repeat","background-position":"center center","background-size":"auto","background-attachment":"scroll","background-type":"","background-media":"","overlay-type":"","overlay-color":"","overlay-opacity":"","overlay-gradient":""},"tablet":{"background-color":"var(--ast-global-color-5)","background-image":"","background-repeat":"repeat","background-position":"center center","background-size":"auto","background-attachment":"scroll","background-type":"","background-media":"","overlay-type":"","overlay-color":"","overlay-opacity":"","overlay-gradient":""},"mobile":{"background-color":"var(--ast-global-color-5)","background-image":"","background-repeat":"repeat","background-position":"center center","background-size":"auto","background-attachment":"scroll","background-type":"","background-media":"","overlay-type":"","overlay-color":"","overlay-opacity":"","overlay-gradient":""}},"footnotes":""},"class_list":["post-1253","page","type-page","status-publish","hentry"],"uagb_featured_image_src":{"full":false,"thumbnail":false,"medium":false,"medium_large":false,"large":false,"1536x1536":false,"2048x2048":false,"trp-custom-language-flag":false},"uagb_author_info":{"display_name":"Tugay Alperen KIRAY","author_link":"https:\/\/www.officialdavutkiray.com\/eng\/author\/a_datacooker\/"},"uagb_comment_info":0,"uagb_excerpt":"Web Tasar\u0131m ve Geli\u015ftirme [UI\/UX] Kurumsal Marka \/ e-Ticaret","_links":{"self":[{"href":"https:\/\/www.officialdavutkiray.com\/eng\/wp-json\/wp\/v2\/pages\/1253","targetHints":{"allow":["GET"]}}],"collection":[{"href":"https:\/\/www.officialdavutkiray.com\/eng\/wp-json\/wp\/v2\/pages"}],"about":[{"href":"https:\/\/www.officialdavutkiray.com\/eng\/wp-json\/wp\/v2\/types\/page"}],"author":[{"embeddable":true,"href":"https:\/\/www.officialdavutkiray.com\/eng\/wp-json\/wp\/v2\/users\/5"}],"replies":[{"embeddable":true,"href":"https:\/\/www.officialdavutkiray.com\/eng\/wp-json\/wp\/v2\/comments?post=1253"}],"version-history":[{"count":135,"href":"https:\/\/www.officialdavutkiray.com\/eng\/wp-json\/wp\/v2\/pages\/1253\/revisions"}],"predecessor-version":[{"id":2591,"href":"https:\/\/www.officialdavutkiray.com\/eng\/wp-json\/wp\/v2\/pages\/1253\/revisions\/2591"}],"up":[{"embeddable":true,"href":"https:\/\/www.officialdavutkiray.com\/eng\/wp-json\/wp\/v2\/pages\/280"}],"wp:attachment":[{"href":"https:\/\/www.officialdavutkiray.com\/eng\/wp-json\/wp\/v2\/media?parent=1253"}],"curies":[{"name":"wp","href":"https:\/\/api.w.org\/{rel}","templated":true}]}}