{"id":2291,"date":"2025-07-03T11:17:59","date_gmt":"2025-07-03T11:17:59","guid":{"rendered":"https:\/\/www.officialdavutkiray.com\/?page_id=2291"},"modified":"2025-07-03T23:40:35","modified_gmt":"2025-07-03T23:40:35","slug":"e-ticaret-sitesi-kurulumu-acik-kaynak-ozellestirilmis","status":"publish","type":"page","link":"https:\/\/www.officialdavutkiray.com\/eng\/hizmetlerim\/e-ticaret-cozumleri\/e-ticaret-sitesi-kurulumu-acik-kaynak-ozellestirilmis\/","title":{"rendered":"e-Commerce Site Setup (Open Source \/ Customized)"},"content":{"rendered":"<div data-aos= \"fade-up\" data-aos-duration=\"400\" data-aos-delay=\"0\" data-aos-easing=\"ease\" data-aos-once=\"true\" class=\"wp-block-uagb-container uagb-layout-grid uagb-block-dcd54d79 alignfull uagb-is-root-container\">\n<div data-aos= \"zoom-in-down\" data-aos-duration=\"400\" data-aos-delay=\"0\" data-aos-easing=\"ease\" data-aos-once=\"true\" class=\"wp-block-uagb-advanced-heading uagb-block-14e416f9\"><h1 class=\"uagb-heading-text\"><strong>e-Commerce Site <\/strong>           Installation [Open Source-Customized]<\/h1><div class=\"uagb-separator\"><\/div><p class=\"uagb-desc-text\">OpenCart \u2013 PrestaShop \u2013 Magento<\/p><\/div>\n\n\n\n<div class=\"wp-block-uagb-container uagb-block-dc2ca107\">\n<div data-aos= \"zoom-in-right\" data-aos-duration=\"400\" data-aos-delay=\"0\" data-aos-easing=\"ease\" data-aos-once=\"true\" class=\"wp-block-uagb-image uagb-block-047863f2 wp-block-uagb-image--layout-overlay wp-block-uagb-image--effect-zoomin wp-block-uagb-image--align-none\"><figure class=\"wp-block-uagb-image__figure\"><img loading=\"lazy\" decoding=\"async\" srcset=\"https:\/\/www.officialdavutkiray.com\/wp-content\/uploads\/2025\/06\/person-using-macbook-pro-pypeceajezy-1024x741.jpeg ,https:\/\/www.officialdavutkiray.com\/wp-content\/uploads\/2025\/06\/person-using-macbook-pro-pypeceajezy.jpeg 780w, https:\/\/www.officialdavutkiray.com\/wp-content\/uploads\/2025\/06\/person-using-macbook-pro-pypeceajezy.jpeg 360w\" sizes=\"auto, (max-width: 480px) 150px\" src=\"https:\/\/www.officialdavutkiray.com\/wp-content\/uploads\/2025\/06\/person-using-macbook-pro-pypeceajezy-1024x741.jpeg\" alt=\"person-using-macbook-pro-pypeceajezy\" class=\"uag-image-836\" width=\"1220\" height=\"380\" title=\"person-using-macbook-pro-pypeceajezy\" role=\"img\"\/><div class=\"wp-block-uagb-image--layout-overlay__color-wrapper\"><\/div><div class=\"wp-block-uagb-image--layout-overlay__inner bottom-left\"><h3 class=\"uagb-image-heading\">In the digital world <br>Making you stand out<br>I offer solutions.<\/h3><figcaption class=\"uagb-image-caption\">Digital Marketing Consultant \u2013 Davut KIRAY<\/figcaption><\/div><\/figure><\/div>\n<\/div>\n<\/div>\n\n\n\n<div class=\"wp-block-uagb-container uagb-block-6ca5ed5f alignfull uagb-is-root-container\"><div class=\"uagb-container-inner-blocks-wrap\">\n<div class=\"wp-block-group is-nowrap is-layout-flex wp-container-core-group-is-layout-6c531013 wp-block-group-is-layout-flex\">\n<p><\/p>\n<\/div>\n<\/div><\/div>\n\n\n\n<div data-aos= \"zoom-out-down\" data-aos-duration=\"400\" data-aos-delay=\"0\" data-aos-easing=\"ease\" data-aos-once=\"true\" class=\"wp-block-uagb-container uagb-block-2e194ea8 alignwide uagb-is-root-container\">\n<div class=\"wp-block-group is-layout-constrained wp-block-group-is-layout-constrained\">\n<div class=\"wp-block-group is-layout-constrained wp-block-group-is-layout-constrained\">\n<div class=\"wp-block-columns is-layout-flex wp-container-core-columns-is-layout-28f84493 wp-block-columns-is-layout-flex\">\n<div class=\"wp-block-column is-layout-flow wp-block-column-is-layout-flow\" style=\"flex-basis:100%\">\n<div class=\"wp-block-uagb-info-box uagb-block-314e8806 uagb-infobox__content-wrap  uagb-infobox-icon-above-title uagb-infobox-image-valign-top\"><div class=\"uagb-ifb-content\"><div class=\"uagb-ifb-title-wrap\"><h2 class=\"uagb-ifb-title\">Start Your Digital Transformation Today<\/h2><\/div><div class=\"uagb-ifb-separator\"><\/div><p class=\"uagb-ifb-desc\"><strong>For digital marketing and web solutions, you can fill out the form, send an e-mail or take action using the WhatsApp button.<\/strong><\/p><div class=\"uagb-ifb-button-wrapper wp-block-button\"><a href=\"https:\/\/www.officialdavutkiray.com\/eng\/iletisim\/\" class=\"uagb-infobox-cta-link wp-block-button__link\" target=\"_self\" rel=\"noopener noreferrer\" onclick=\"return true;\"><span class=\"uagb-inline-editing\">Tell and Get Offer <\/span><svg xmlns=\"https:\/\/www.w3.org\/2000\/svg\" viewbox=\"0 0 384 512\"><path d=\"M342.6 182.6C336.4 188.9 328.2 192 319.1 192s-16.38-3.125-22.62-9.375L224 109.3V432c0 44.13-35.89 80-80 80H32c-17.67 0-32-14.31-32-32s14.33-32 32-32h112C152.8 448 160 440.8 160 432V109.3L86.62 182.6c-12.5 12.5-32.75 12.5-45.25 0s-12.5-32.75 0-45.25l127.1-128c12.5-12.5 32.75-12.5 45.25 0l128 128C355.1 149.9 355.1 170.1 342.6 182.6z\"><\/path><\/svg><\/a><\/div><\/div><\/div>\n<\/div>\n<\/div>\n<\/div>\n<\/div>\n<\/div>","protected":false},"excerpt":{"rendered":"<p>e-Ticaret Sitesi Kurulumu [A\u00e7\u0131k Kaynak-\u00d6zelle\u015ftirilmi\u015f] OpenCart &#8211; PrestaShop &#8211; Magento<\/p>","protected":false},"author":5,"featured_media":0,"parent":1258,"menu_order":0,"comment_status":"closed","ping_status":"closed","template":"","meta":{"_uag_custom_page_level_css":"","site-sidebar-layout":"default","site-content-layout":"","ast-site-content-layout":"default","site-content-style":"default","site-sidebar-style":"default","ast-global-header-display":"","ast-banner-title-visibility":"","ast-main-header-display":"","ast-hfb-above-header-display":"","ast-hfb-below-header-display":"","ast-hfb-mobile-header-display":"","site-post-title":"disabled","ast-breadcrumbs-content":"","ast-featured-img":"","footer-sml-layout":"","ast-disable-related-posts":"","theme-transparent-header-meta":"enabled","adv-header-id-meta":"","stick-header-meta":"","header-above-stick-meta":"","header-main-stick-meta":"","header-below-stick-meta":"","astra-migrate-meta-layouts":"default","ast-page-background-enabled":"default","ast-page-background-meta":{"desktop":{"background-color":"var(--ast-global-color-4)","background-image":"","background-repeat":"repeat","background-position":"center center","background-size":"auto","background-attachment":"scroll","background-type":"","background-media":"","overlay-type":"","overlay-color":"","overlay-opacity":"","overlay-gradient":""},"tablet":{"background-color":"","background-image":"","background-repeat":"repeat","background-position":"center center","background-size":"auto","background-attachment":"scroll","background-type":"","background-media":"","overlay-type":"","overlay-color":"","overlay-opacity":"","overlay-gradient":""},"mobile":{"background-color":"","background-image":"","background-repeat":"repeat","background-position":"center center","background-size":"auto","background-attachment":"scroll","background-type":"","background-media":"","overlay-type":"","overlay-color":"","overlay-opacity":"","overlay-gradient":""}},"ast-content-background-meta":{"desktop":{"background-color":"var(--ast-global-color-5)","background-image":"","background-repeat":"repeat","background-position":"center center","background-size":"auto","background-attachment":"scroll","background-type":"","background-media":"","overlay-type":"","overlay-color":"","overlay-opacity":"","overlay-gradient":""},"tablet":{"background-color":"var(--ast-global-color-5)","background-image":"","background-repeat":"repeat","background-position":"center center","background-size":"auto","background-attachment":"scroll","background-type":"","background-media":"","overlay-type":"","overlay-color":"","overlay-opacity":"","overlay-gradient":""},"mobile":{"background-color":"var(--ast-global-color-5)","background-image":"","background-repeat":"repeat","background-position":"center center","background-size":"auto","background-attachment":"scroll","background-type":"","background-media":"","overlay-type":"","overlay-color":"","overlay-opacity":"","overlay-gradient":""}},"footnotes":""},"class_list":["post-2291","page","type-page","status-publish","hentry"],"uagb_featured_image_src":{"full":false,"thumbnail":false,"medium":false,"medium_large":false,"large":false,"1536x1536":false,"2048x2048":false,"trp-custom-language-flag":false},"uagb_author_info":{"display_name":"Tugay Alperen KIRAY","author_link":"https:\/\/www.officialdavutkiray.com\/eng\/author\/a_datacooker\/"},"uagb_comment_info":0,"uagb_excerpt":"e-Ticaret Sitesi Kurulumu [A\u00e7\u0131k Kaynak-\u00d6zelle\u015ftirilmi\u015f] OpenCart &#8211; PrestaShop &#8211; Magento","_links":{"self":[{"href":"https:\/\/www.officialdavutkiray.com\/eng\/wp-json\/wp\/v2\/pages\/2291","targetHints":{"allow":["GET"]}}],"collection":[{"href":"https:\/\/www.officialdavutkiray.com\/eng\/wp-json\/wp\/v2\/pages"}],"about":[{"href":"https:\/\/www.officialdavutkiray.com\/eng\/wp-json\/wp\/v2\/types\/page"}],"author":[{"embeddable":true,"href":"https:\/\/www.officialdavutkiray.com\/eng\/wp-json\/wp\/v2\/users\/5"}],"replies":[{"embeddable":true,"href":"https:\/\/www.officialdavutkiray.com\/eng\/wp-json\/wp\/v2\/comments?post=2291"}],"version-history":[{"count":16,"href":"https:\/\/www.officialdavutkiray.com\/eng\/wp-json\/wp\/v2\/pages\/2291\/revisions"}],"predecessor-version":[{"id":2562,"href":"https:\/\/www.officialdavutkiray.com\/eng\/wp-json\/wp\/v2\/pages\/2291\/revisions\/2562"}],"up":[{"embeddable":true,"href":"https:\/\/www.officialdavutkiray.com\/eng\/wp-json\/wp\/v2\/pages\/1258"}],"wp:attachment":[{"href":"https:\/\/www.officialdavutkiray.com\/eng\/wp-json\/wp\/v2\/media?parent=2291"}],"curies":[{"name":"wp","href":"https:\/\/api.w.org\/{rel}","templated":true}]}}