{"id":278,"date":"2025-06-04T17:23:45","date_gmt":"2025-06-04T17:23:45","guid":{"rendered":"https:\/\/charity2.ziptemplates.top\/?page_id=278"},"modified":"2025-07-03T23:24:59","modified_gmt":"2025-07-03T23:24:59","slug":"kimim","status":"publish","type":"page","link":"https:\/\/www.officialdavutkiray.com\/eng\/kimim\/","title":{"rendered":"Who am I?"},"content":{"rendered":"<div data-aos= \"fade-up\" data-aos-duration=\"400\" data-aos-delay=\"0\" data-aos-easing=\"ease\" data-aos-once=\"true\" class=\"wp-block-uagb-container uagb-layout-grid uagb-block-dcd54d79 alignfull uagb-is-root-container\">\n<div data-aos= \"zoom-in-down\" data-aos-duration=\"400\" data-aos-delay=\"0\" data-aos-easing=\"ease\" data-aos-once=\"true\" class=\"wp-block-uagb-advanced-heading uagb-block-14e416f9\"><h1 class=\"uagb-heading-text\"><strong>Who I Am and What I Do<\/strong> ?<\/h1><\/div>\n\n\n\n<div class=\"wp-block-uagb-container uagb-block-dc2ca107\">\n<div data-aos= \"fade-up\" data-aos-duration=\"400\" data-aos-delay=\"0\" data-aos-easing=\"ease\" data-aos-once=\"true\" class=\"wp-block-uagb-image uagb-block-047863f2 wp-block-uagb-image--layout-overlay wp-block-uagb-image--effect-static wp-block-uagb-image--align-none\"><figure class=\"wp-block-uagb-image__figure\"><img loading=\"lazy\" decoding=\"async\" srcset=\"https:\/\/www.officialdavutkiray.com\/wp-content\/uploads\/2025\/06\/4.webp ,https:\/\/www.officialdavutkiray.com\/wp-content\/uploads\/2025\/06\/4.webp 780w, https:\/\/www.officialdavutkiray.com\/wp-content\/uploads\/2025\/06\/4.webp 360w\" sizes=\"auto, (max-width: 480px) 150px\" src=\"https:\/\/www.officialdavutkiray.com\/wp-content\/uploads\/2025\/06\/4.webp\" alt=\"\" class=\"uag-image-982\" width=\"1220\" height=\"380\" title=\"4\" role=\"img\"\/><div class=\"wp-block-uagb-image--layout-overlay__color-wrapper\"><\/div><div class=\"wp-block-uagb-image--layout-overlay__inner bottom-left\"><h3 class=\"uagb-image-heading\">In the digital world <br>Making you stand out<br>I offer solutions.<\/h3><figcaption class=\"uagb-image-caption\">Digital Marketing Consultant \u2013 Davut KIRAY<\/figcaption><\/div><\/figure><\/div>\n<\/div>\n<\/div>\n\n\n\n<div data-aos= \"fade-down\" data-aos-duration=\"400\" data-aos-delay=\"0\" data-aos-easing=\"ease\" data-aos-once=\"true\" class=\"wp-block-uagb-container uagb-block-92c0d32e alignwide uagb-is-root-container\">\n<div class=\"wp-block-uagb-container uagb-layout-flex uagb-block-d1f4840b\">\n<header class=\"wp-block-uagb-advanced-heading uagb-block-c7ad5f67\"><div class=\"uagb-separator\"><\/div><h3 class=\"uagb-heading-text\">     Hello, I&#039;m Davut K\u0131ray.&nbsp;<br>                                                                                                                                                                                                                                                                                <br>     While I prepare and develop the digital assets of small\/medium sized businesses and brands, and ensure that they stand out and are visible on all digital platforms, I also work on brand identity\/brand persona for healthy customer communication.<br><br>     Until today, I have worked on visual and text content design, managing SM advertising accounts, and also designing websites on platforms such as WordPress and Opencart, which gave me good results in ranking competitions within search engines.<br><br>     Digital work aside, from a young age, I have observed how the perception triggers I observed in my social environment brought different individuals together and formed characterizing groups.<br><br>     And my desire to discover the factors that shape the emotions, interests and behaviors of the audience led me to a journey of designing and managing advertising strategies.<br><br>    This curiosity, combined with my interest in sociology and human psychology, has become an inspiring guide when creating stories for brands.<br><br><br>    I see two key elements to the success of brands:<br><br>       \u2013 A powerful story from the past,<br>       \u2013 An exciting journey into the future.<br><br>     With the harmony of these two elements, it is possible to design an adventure that will connect with the brand character and target audience.<br><br>     Following the many trainings I received, the valuable staff of Acunmedya Academy supported this journey with comprehensive training on Digital Advertising and Web Analytics, contributing to my knowledge and skills and also giving me new perspectives.<br><br>     And now here with these competencies <strong>corporate business<\/strong> I provide services to personal brands in digital environments, by identifying the right channels that are suitable for their brand persona, and to ensure that they have a healthy and sustainable relationship and communication with their potential meta-customers. <\/h3><\/header>\n<\/div>\n<\/div>\n\n\n\n<div class=\"wp-block-uagb-container uagb-layout-flex uagb-block-db484d86 alignfull uagb-is-root-container\"><div class=\"uagb-container-inner-blocks-wrap\"><\/div><\/div>\n\n\n\n<div data-aos= \"zoom-out-down\" data-aos-duration=\"400\" data-aos-delay=\"0\" data-aos-easing=\"ease\" data-aos-once=\"true\" class=\"wp-block-uagb-container uagb-block-2e194ea8 alignwide uagb-is-root-container\">\n<div class=\"wp-block-group is-layout-constrained wp-block-group-is-layout-constrained\">\n<div class=\"wp-block-group is-layout-constrained wp-block-group-is-layout-constrained\">\n<div class=\"wp-block-columns is-layout-flex wp-container-core-columns-is-layout-28f84493 wp-block-columns-is-layout-flex\">\n<div class=\"wp-block-column is-layout-flow wp-block-column-is-layout-flow\" style=\"flex-basis:100%\">\n<div class=\"wp-block-uagb-info-box uagb-block-314e8806 uagb-infobox__content-wrap  uagb-infobox-icon-above-title uagb-infobox-image-valign-top\"><div class=\"uagb-ifb-content\"><div class=\"uagb-ifb-title-wrap\"><h2 class=\"uagb-ifb-title\">Start Your Digital Transformation Today<\/h2><\/div><div class=\"uagb-ifb-separator\"><\/div><p class=\"uagb-ifb-desc\"><strong>For digital marketing and web solutions, you can fill out the form, send an e-mail or take action using the WhatsApp button.<\/strong><\/p><div class=\"uagb-ifb-button-wrapper wp-block-button\"><a href=\"https:\/\/www.officialdavutkiray.com\/eng\/iletisim\/\" class=\"uagb-infobox-cta-link wp-block-button__link\" target=\"_self\" rel=\"noopener noreferrer\" onclick=\"return true;\"><span class=\"uagb-inline-editing\">Tell and Get Offer <\/span><svg xmlns=\"https:\/\/www.w3.org\/2000\/svg\" viewbox=\"0 0 384 512\"><path d=\"M342.6 182.6C336.4 188.9 328.2 192 319.1 192s-16.38-3.125-22.62-9.375L224 109.3V432c0 44.13-35.89 80-80 80H32c-17.67 0-32-14.31-32-32s14.33-32 32-32h112C152.8 448 160 440.8 160 432V109.3L86.62 182.6c-12.5 12.5-32.75 12.5-45.25 0s-12.5-32.75 0-45.25l127.1-128c12.5-12.5 32.75-12.5 45.25 0l128 128C355.1 149.9 355.1 170.1 342.6 182.6z\"><\/path><\/svg><\/a><\/div><\/div><\/div>\n<\/div>\n<\/div>\n<\/div>\n<\/div>\n<\/div>","protected":false},"excerpt":{"rendered":"<p>Kimim ve Ne Yap\u0131yorum ? Merhaba, ben Davut K\u0131ray.&nbsp; K\u00fc\u00e7\u00fck\/Orta \u00f6l\u00e7ekli i\u015fletme ve markalar\u0131n dijital varl\u0131klar\u0131n\u0131 haz\u0131rl\u0131yor, geli\u015ftiriyor ve \u00f6ne [&hellip;]<\/p>","protected":false},"author":5,"featured_media":0,"parent":0,"menu_order":0,"comment_status":"closed","ping_status":"closed","template":"","meta":{"_uag_custom_page_level_css":"","site-sidebar-layout":"default","site-content-layout":"","ast-site-content-layout":"default","site-content-style":"default","site-sidebar-style":"default","ast-global-header-display":"","ast-banner-title-visibility":"","ast-main-header-display":"","ast-hfb-above-header-display":"","ast-hfb-below-header-display":"","ast-hfb-mobile-header-display":"","site-post-title":"disabled","ast-breadcrumbs-content":"","ast-featured-img":"","footer-sml-layout":"","ast-disable-related-posts":"","theme-transparent-header-meta":"enabled","adv-header-id-meta":"","stick-header-meta":"","header-above-stick-meta":"","header-main-stick-meta":"","header-below-stick-meta":"","astra-migrate-meta-layouts":"default","ast-page-background-enabled":"default","ast-page-background-meta":{"desktop":{"background-color":"var(--ast-global-color-4)","background-image":"","background-repeat":"repeat","background-position":"center center","background-size":"auto","background-attachment":"scroll","background-type":"","background-media":"","overlay-type":"","overlay-color":"","overlay-opacity":"","overlay-gradient":""},"tablet":{"background-color":"","background-image":"","background-repeat":"repeat","background-position":"center center","background-size":"auto","background-attachment":"scroll","background-type":"","background-media":"","overlay-type":"","overlay-color":"","overlay-opacity":"","overlay-gradient":""},"mobile":{"background-color":"","background-image":"","background-repeat":"repeat","background-position":"center center","background-size":"auto","background-attachment":"scroll","background-type":"","background-media":"","overlay-type":"","overlay-color":"","overlay-opacity":"","overlay-gradient":""}},"ast-content-background-meta":{"desktop":{"background-color":"var(--ast-global-color-5)","background-image":"","background-repeat":"repeat","background-position":"center center","background-size":"auto","background-attachment":"scroll","background-type":"","background-media":"","overlay-type":"","overlay-color":"","overlay-opacity":"","overlay-gradient":""},"tablet":{"background-color":"var(--ast-global-color-5)","background-image":"","background-repeat":"repeat","background-position":"center center","background-size":"auto","background-attachment":"scroll","background-type":"","background-media":"","overlay-type":"","overlay-color":"","overlay-opacity":"","overlay-gradient":""},"mobile":{"background-color":"var(--ast-global-color-5)","background-image":"","background-repeat":"repeat","background-position":"center center","background-size":"auto","background-attachment":"scroll","background-type":"","background-media":"","overlay-type":"","overlay-color":"","overlay-opacity":"","overlay-gradient":""}},"footnotes":""},"class_list":["post-278","page","type-page","status-publish","hentry"],"uagb_featured_image_src":{"full":false,"thumbnail":false,"medium":false,"medium_large":false,"large":false,"1536x1536":false,"2048x2048":false,"trp-custom-language-flag":false},"uagb_author_info":{"display_name":"Tugay Alperen KIRAY","author_link":"https:\/\/www.officialdavutkiray.com\/eng\/author\/a_datacooker\/"},"uagb_comment_info":0,"uagb_excerpt":"Kimim ve Ne Yap\u0131yorum ? Merhaba, ben Davut K\u0131ray.&nbsp; K\u00fc\u00e7\u00fck\/Orta \u00f6l\u00e7ekli i\u015fletme ve markalar\u0131n dijital varl\u0131klar\u0131n\u0131 haz\u0131rl\u0131yor, geli\u015ftiriyor ve \u00f6ne [&hellip;]","_links":{"self":[{"href":"https:\/\/www.officialdavutkiray.com\/eng\/wp-json\/wp\/v2\/pages\/278","targetHints":{"allow":["GET"]}}],"collection":[{"href":"https:\/\/www.officialdavutkiray.com\/eng\/wp-json\/wp\/v2\/pages"}],"about":[{"href":"https:\/\/www.officialdavutkiray.com\/eng\/wp-json\/wp\/v2\/types\/page"}],"author":[{"embeddable":true,"href":"https:\/\/www.officialdavutkiray.com\/eng\/wp-json\/wp\/v2\/users\/5"}],"replies":[{"embeddable":true,"href":"https:\/\/www.officialdavutkiray.com\/eng\/wp-json\/wp\/v2\/comments?post=278"}],"version-history":[{"count":63,"href":"https:\/\/www.officialdavutkiray.com\/eng\/wp-json\/wp\/v2\/pages\/278\/revisions"}],"predecessor-version":[{"id":2536,"href":"https:\/\/www.officialdavutkiray.com\/eng\/wp-json\/wp\/v2\/pages\/278\/revisions\/2536"}],"wp:attachment":[{"href":"https:\/\/www.officialdavutkiray.com\/eng\/wp-json\/wp\/v2\/media?parent=278"}],"curies":[{"name":"wp","href":"https:\/\/api.w.org\/{rel}","templated":true}]}}