{"id":286,"date":"2025-06-04T17:23:43","date_gmt":"2025-06-04T17:23:43","guid":{"rendered":"https:\/\/charity2.ziptemplates.top\/?page_id=286"},"modified":"2025-07-03T23:45:32","modified_gmt":"2025-07-03T23:45:32","slug":"iletisim","status":"publish","type":"page","link":"https:\/\/www.officialdavutkiray.com\/eng\/iletisim\/","title":{"rendered":"Communication"},"content":{"rendered":"<div data-aos= \"fade-up\" data-aos-duration=\"400\" data-aos-delay=\"0\" data-aos-easing=\"ease\" data-aos-once=\"true\" class=\"wp-block-uagb-container uagb-layout-grid uagb-block-dcd54d79 alignfull uagb-is-root-container\">\n<div data-aos= \"zoom-in-down\" data-aos-duration=\"400\" data-aos-delay=\"0\" data-aos-easing=\"ease\" data-aos-once=\"true\" class=\"wp-block-uagb-advanced-heading uagb-block-14e416f9\"><h1 class=\"uagb-heading-text\">Contact Us<\/h1><\/div>\n\n\n\n<div class=\"wp-block-uagb-container uagb-block-dc2ca107\">\n<div data-aos= \"fade-up\" data-aos-duration=\"400\" data-aos-delay=\"0\" data-aos-easing=\"ease\" data-aos-once=\"true\" class=\"wp-block-uagb-image alignleft uagb-block-047863f2 wp-block-uagb-image--layout-overlay wp-block-uagb-image--effect-static wp-block-uagb-image--align-left\"><figure class=\"wp-block-uagb-image__figure\"><img loading=\"lazy\" decoding=\"async\" srcset=\"https:\/\/www.officialdavutkiray.com\/wp-content\/uploads\/2025\/06\/person-holding-smartphone-while-using-laptop-1181244-1024x683.jpeg ,https:\/\/www.officialdavutkiray.com\/wp-content\/uploads\/2025\/06\/person-holding-smartphone-while-using-laptop-1181244.jpeg 780w, https:\/\/www.officialdavutkiray.com\/wp-content\/uploads\/2025\/06\/person-holding-smartphone-while-using-laptop-1181244.jpeg 360w\" sizes=\"auto, (max-width: 480px) 150px\" src=\"https:\/\/www.officialdavutkiray.com\/wp-content\/uploads\/2025\/06\/person-holding-smartphone-while-using-laptop-1181244-1024x683.jpeg\" alt=\"Developer working remotely, coding on a laptop with phone in hand, showcasing modern work culture.\" class=\"uag-image-829\" width=\"1220\" height=\"380\" title=\"person-holding-smartphone-while-using-laptop-1181244\" role=\"img\"\/><div class=\"wp-block-uagb-image--layout-overlay__color-wrapper\"><\/div><div class=\"wp-block-uagb-image--layout-overlay__inner bottom-left\"><h3 class=\"uagb-image-heading\">In the digital world <br>Making you stand out<br>I offer solutions.<\/h3><figcaption class=\"uagb-image-caption\">Digital Marketing Consultant | Davut KIRAY<\/figcaption><\/div><\/figure><\/div>\n<\/div>\n<\/div>\n\n\n\n<div data-aos= \"fade-down\" data-aos-duration=\"400\" data-aos-delay=\"0\" data-aos-easing=\"ease\" data-aos-once=\"true\" class=\"wp-block-uagb-container uagb-layout-grid uagb-block-d37c614e alignfull uagb-is-root-container\"><div class=\"uagb-container-inner-blocks-wrap\">\n<div data-aos= \"fade-down\" data-aos-duration=\"400\" data-aos-delay=\"0\" data-aos-easing=\"ease\" data-aos-once=\"true\" class=\"wp-block-uagb-forms uagb-forms__outer-wrap uagb-block-c518c354 uagb-forms__medium-btn\"><form class=\"uagb-forms-main-form\" method=\"post\" autocomplete=\"on\" name=\"uagb-form-c518c354\" action=\"\">\n<div class=\"wp-block-uagb-forms-name uagb-forms-name-wrap uagb-forms-field-set uagb-block-5b279760\"><div class=\"uagb-forms-name-label required uagb-forms-input-label\" id=\"5b279760\">Last Name<\/div><input type=\"text\" placeholder=\"Name\" required class=\"uagb-forms-name-input uagb-forms-input\" name=\"5b279760\" autocomplete=\"family-name\"\/><\/div>\n\n\n\n<div class=\"wp-block-uagb-forms-email uagb-forms-email-wrap uagb-forms-field-set uagb-block-cd32fa8e\"><div class=\"uagb-forms-email-label  uagb-forms-input-label\" id=\"cd32fa8e\">E-mail<\/div><input type=\"email\" class=\"uagb-forms-email-input uagb-forms-input\" placeholder=\"Email\" name=\"cd32fa8e\" autocomplete=\"email\"\/><\/div>\n\n\n\n<div class=\"wp-block-uagb-forms-textarea uagb-forms-textarea-wrap uagb-forms-field-set uagb-block-8ab6c48a\"><div class=\"uagb-forms-textarea-label required uagb-forms-input-label\" id=\"8ab6c48a\">Message<\/div><textarea required class=\"uagb-forms-textarea-input uagb-forms-input\" rows=\"5\" placeholder=\"Message\" name=\"8ab6c48a\" autocomplete=\"off\"><\/textarea><\/div>\n<div class=\"uagb-forms-form-hidden-data\"><input type=\"hidden\" class=\"uagb_forms_form_label\" value=\"Contact Form\"\/><input type=\"hidden\" class=\"uagb_forms_form_id\" value=\"uagb-form-c518c354\"\/><\/div><div class=\"uagb-form-reacaptcha-error-c518c354\"><\/div><div class=\"uagb-forms-main-submit-button-wrap wp-block-button\"><button class=\"uagb-forms-main-submit-button wp-block-button__link\"><div class=\"uagb-forms-main-submit-button-text\">Send<\/div><\/button><\/div><input type=\"hidden\" name=\"trp-form-language\" value=\"eng\"\/><\/form><div class=\"uagb-forms-success-message-c518c354 uagb-forms-submit-message-hide\"><span>The form has been submitted successfully!<\/span><\/div><div class=\"uagb-forms-failed-message-c518c354 uagb-forms-submit-message-hide\"><span>There has been some error while submitting the form. Please verify all form fields again.<\/span><\/div><\/div>\n\n\n\n<div class=\"wp-block-uagb-container uagb-block-b5d2d23a\">\n<div data-aos= \"fade-down\" data-aos-duration=\"400\" data-aos-delay=\"0\" data-aos-easing=\"ease\" data-aos-once=\"true\" class=\"wp-block-uagb-advanced-heading uagb-block-49ee3c1d\"><h2 class=\"uagb-heading-text\">Contact Form<\/h2><div class=\"uagb-separator\"><\/div><p class=\"uagb-desc-text\">For any questions or requests, please fill out the form. We will get back to you as soon as possible and offer the best solutions according to your needs.<\/p><\/div>\n\n\n\n<div class=\"wp-block-uagb-icon-list uagb-block-2eeb67f4\"><div class=\"uagb-icon-list__wrap\">\n<div class=\"wp-block-uagb-icon-list-child uagb-block-a6f294fc\"><span class=\"uagb-icon-list__label\">Wapp : +90535 766 32 12<\/span><\/div>\n\n\n\n<div class=\"wp-block-uagb-icon-list-child uagb-block-bde951e5\"><span class=\"uagb-icon-list__label\">E-Mail: digital@davutkiray.com<\/span><\/div>\n\n\n\n<div class=\"wp-block-uagb-icon-list-child uagb-block-0d3d7680\"><span class=\"uagb-icon-list__label\">Address: Tintinpinar Street No: 100 K:4 Interior No: 6 Suleymanpasa \/ Tekirdag<\/span><\/div>\n<\/div><\/div>\n\n\n\n<div class=\"wp-block-uagb-container uagb-block-4d87d068\">\n<div class=\"wp-block-uagb-advanced-heading uagb-block-774b1bea\"><p class=\"uagb-heading-text\">Follow Me :<\/p><\/div>\n\n\n\n<div class=\"wp-block-uagb-icon-list uagb-block-e84b9bba\"><div class=\"uagb-icon-list__wrap\">\n<div class=\"wp-block-uagb-icon-list-child uagb-block-88638ab8\"><a target=\"_self\" aria-label=\"List item\" rel=\"noopener noreferrer\" href=\"https:\/\/www.linkedin.com\/in\/davut-kiray-90a39718a\/\"> <\/a><span class=\"uagb-icon-list__source-wrap\"><svg xmlns=\"https:\/\/www.w3.org\/2000\/svg\" viewbox=\"0 0 448 512\"><path d=\"M100.3 448H7.4V148.9h92.88zM53.79 108.1C24.09 108.1 0 83.5 0 53.8a53.79 53.79 0 0 1 107.6 0c0 29.7-24.1 54.3-53.79 54.3zM447.9 448h-92.68V302.4c0-34.7-.7-79.2-48.29-79.2-48.29 0-55.69 37.7-55.69 76.7V448h-92.78V148.9h89.08v40.8h1.3c12.4-23.5 42.69-48.3 87.88-48.3 94 0 111.3 61.9 111.3 142.3V448z\"><\/path><\/svg><\/span><\/div>\n\n\n\n<div class=\"wp-block-uagb-icon-list-child uagb-block-0f890454\"><a target=\"_self\" aria-label=\"List item\" rel=\"noopener noreferrer\" href=\"https:\/\/www.youtube.com\/@officialdavutkiray\"> <\/a><span class=\"uagb-icon-list__source-wrap\"><svg xmlns=\"https:\/\/www.w3.org\/2000\/svg\" viewbox=\"0 0 576 512\"><path d=\"M549.7 124.1c-6.281-23.65-24.79-42.28-48.28-48.6C458.8 64 288 64 288 64S117.2 64 74.63 75.49c-23.5 6.322-42 24.95-48.28 48.6-11.41 42.87-11.41 132.3-11.41 132.3s0 89.44 11.41 132.3c6.281 23.65 24.79 41.5 48.28 47.82C117.2 448 288 448 288 448s170.8 0 213.4-11.49c23.5-6.321 42-24.17 48.28-47.82 11.41-42.87 11.41-132.3 11.41-132.3s0-89.44-11.41-132.3zm-317.5 213.5V175.2l142.7 81.21-142.7 81.2z\"><\/path><\/svg><\/span><\/div>\n\n\n\n<div class=\"wp-block-uagb-icon-list-child uagb-block-ff0f45fd\"><a target=\"_self\" aria-label=\"List item\" rel=\"noopener noreferrer\" href=\"https:\/\/www.instagram.com\/davutkirayofficial\/\"> <\/a><span class=\"uagb-icon-list__source-wrap\"><svg xmlns=\"https:\/\/www.w3.org\/2000\/svg\" viewbox=\"0 0 448 512\"><path d=\"M224.1 141c-63.6 0-114.9 51.3-114.9 114.9s51.3 114.9 114.9 114.9S339 319.5 339 255.9 287.7 141 224.1 141zm0 189.6c-41.1 0-74.7-33.5-74.7-74.7s33.5-74.7 74.7-74.7 74.7 33.5 74.7 74.7-33.6 74.7-74.7 74.7zm146.4-194.3c0 14.9-12 26.8-26.8 26.8-14.9 0-26.8-12-26.8-26.8s12-26.8 26.8-26.8 26.8 12 26.8 26.8zm76.1 27.2c-1.7-35.9-9.9-67.7-36.2-93.9-26.2-26.2-58-34.4-93.9-36.2-37-2.1-147.9-2.1-184.9 0-35.8 1.7-67.6 9.9-93.9 36.1s-34.4 58-36.2 93.9c-2.1 37-2.1 147.9 0 184.9 1.7 35.9 9.9 67.7 36.2 93.9s58 34.4 93.9 36.2c37 2.1 147.9 2.1 184.9 0 35.9-1.7 67.7-9.9 93.9-36.2 26.2-26.2 34.4-58 36.2-93.9 2.1-37 2.1-147.8 0-184.8zM398.8 388c-7.8 19.6-22.9 34.7-42.6 42.6-29.5 11.7-99.5 9-132.1 9s-102.7 2.6-132.1-9c-19.6-7.8-34.7-22.9-42.6-42.6-11.7-29.5-9-99.5-9-132.1s-2.6-102.7 9-132.1c7.8-19.6 22.9-34.7 42.6-42.6 29.5-11.7 99.5-9 132.1-9s102.7-2.6 132.1 9c19.6 7.8 34.7 22.9 42.6 42.6 11.7 29.5 9 99.5 9 132.1s2.7 102.7-9 132.1z\"><\/path><\/svg><\/span><\/div>\n\n\n\n<div class=\"wp-block-uagb-icon-list-child uagb-block-a011ca10\"><a target=\"_self\" aria-label=\"List item\" rel=\"noopener noreferrer\" href=\"https:\/\/www.facebook.com\/davutkirayofficial\/\"> <\/a><span class=\"uagb-icon-list__source-wrap\"><svg xmlns=\"https:\/\/www.w3.org\/2000\/svg\" viewbox=\"0 0 320 512\"><path d=\"M279.1 288l14.22-92.66h-88.91v-60.13c0-25.35 12.42-50.06 52.24-50.06h40.42V6.26S260.4 0 225.4 0c-73.22 0-121.1 44.38-121.1 124.7v70.62H22.89V288h81.39v224h100.2V288z\"><\/path><\/svg><\/span><\/div>\n<\/div><\/div>\n<\/div>\n<\/div>\n<\/div><\/div>\n\n\n\n<div class=\"wp-block-uagb-container uagb-layout-flex uagb-block-db484d86 alignfull uagb-is-root-container\">\t\t\t<div \n\t\t\tclass=\"wp-block-uagb-google-map uagb-google-map__wrap uagb-block-f6a6d0ce\"\n\t\t\tstyle=\"\" >\n\t\t\t\t<embed\n\t\t\t\t\tclass=\"uagb-google-map__iframe\"\n\t\t\t\t\ttitle=\"Google Map for \"\n\t\t\t\t\tsrc=\"https:\/\/maps.google.com\/maps?q=Tintinp%C4%B1nar%20Cadd.%20No%3A%20100%20K%3A4%20%C4%B0%C3%A7Kno%3A%206%20%20S%C3%BCleymanpa%C5%9Fa%20%2F%20Tekirda%C4%9F&#038;z=12&#038;hl=en&#038;t=m&#038;output=embed&#038;iwloc=near\"\n\t\t\t\t\twidth=\"640\"\n\t\t\t\t\theight=\"500\"\n\t\t\t\t\tloading=\"lazy\"\n\t\t\t\t><\/embed>\n\t\t\t<\/div>\n\t\t\t<\/div>","protected":false},"excerpt":{"rendered":"<p>\u0130leti\u015fime Ge\u00e7 \u0130leti\u015fim Formu Herhangi bir soru veya talep i\u00e7in l\u00fctfen formu doldurun. Size en k\u0131sa s\u00fcrede geri d\u00f6nece\u011fiz ve [&hellip;]<\/p>","protected":false},"author":5,"featured_media":829,"parent":0,"menu_order":0,"comment_status":"closed","ping_status":"closed","template":"","meta":{"_uag_custom_page_level_css":"","site-sidebar-layout":"default","site-content-layout":"","ast-site-content-layout":"","site-content-style":"default","site-sidebar-style":"default","ast-global-header-display":"","ast-banner-title-visibility":"","ast-main-header-display":"","ast-hfb-above-header-display":"","ast-hfb-below-header-display":"","ast-hfb-mobile-header-display":"","site-post-title":"disabled","ast-breadcrumbs-content":"","ast-featured-img":"disabled","footer-sml-layout":"","ast-disable-related-posts":"","theme-transparent-header-meta":"enabled","adv-header-id-meta":"","stick-header-meta":"","header-above-stick-meta":"","header-main-stick-meta":"","header-below-stick-meta":"","astra-migrate-meta-layouts":"default","ast-page-background-enabled":"default","ast-page-background-meta":{"desktop":{"background-color":"var(--ast-global-color-4)","background-image":"","background-repeat":"repeat","background-position":"center center","background-size":"auto","background-attachment":"scroll","background-type":"","background-media":"","overlay-type":"","overlay-color":"","overlay-opacity":"","overlay-gradient":""},"tablet":{"background-color":"","background-image":"","background-repeat":"repeat","background-position":"center center","background-size":"auto","background-attachment":"scroll","background-type":"","background-media":"","overlay-type":"","overlay-color":"","overlay-opacity":"","overlay-gradient":""},"mobile":{"background-color":"","background-image":"","background-repeat":"repeat","background-position":"center center","background-size":"auto","background-attachment":"scroll","background-type":"","background-media":"","overlay-type":"","overlay-color":"","overlay-opacity":"","overlay-gradient":""}},"ast-content-background-meta":{"desktop":{"background-color":"var(--ast-global-color-5)","background-image":"","background-repeat":"repeat","background-position":"center center","background-size":"auto","background-attachment":"scroll","background-type":"","background-media":"","overlay-type":"","overlay-color":"","overlay-opacity":"","overlay-gradient":""},"tablet":{"background-color":"var(--ast-global-color-5)","background-image":"","background-repeat":"repeat","background-position":"center center","background-size":"auto","background-attachment":"scroll","background-type":"","background-media":"","overlay-type":"","overlay-color":"","overlay-opacity":"","overlay-gradient":""},"mobile":{"background-color":"var(--ast-global-color-5)","background-image":"","background-repeat":"repeat","background-position":"center center","background-size":"auto","background-attachment":"scroll","background-type":"","background-media":"","overlay-type":"","overlay-color":"","overlay-opacity":"","overlay-gradient":""}},"footnotes":""},"class_list":["post-286","page","type-page","status-publish","has-post-thumbnail","hentry"],"uagb_featured_image_src":{"full":["https:\/\/www.officialdavutkiray.com\/wp-content\/uploads\/2025\/06\/person-holding-smartphone-while-using-laptop-1181244.jpeg",1280,854,false],"thumbnail":["https:\/\/www.officialdavutkiray.com\/wp-content\/uploads\/2025\/06\/person-holding-smartphone-while-using-laptop-1181244-150x150.jpeg",150,150,true],"medium":["https:\/\/www.officialdavutkiray.com\/wp-content\/uploads\/2025\/06\/person-holding-smartphone-while-using-laptop-1181244-300x200.jpeg",300,200,true],"medium_large":["https:\/\/www.officialdavutkiray.com\/wp-content\/uploads\/2025\/06\/person-holding-smartphone-while-using-laptop-1181244-768x512.jpeg",768,512,true],"large":["https:\/\/www.officialdavutkiray.com\/wp-content\/uploads\/2025\/06\/person-holding-smartphone-while-using-laptop-1181244-1024x683.jpeg",1024,683,true],"1536x1536":["https:\/\/www.officialdavutkiray.com\/wp-content\/uploads\/2025\/06\/person-holding-smartphone-while-using-laptop-1181244.jpeg",1280,854,false],"2048x2048":["https:\/\/www.officialdavutkiray.com\/wp-content\/uploads\/2025\/06\/person-holding-smartphone-while-using-laptop-1181244.jpeg",1280,854,false],"trp-custom-language-flag":["https:\/\/www.officialdavutkiray.com\/wp-content\/uploads\/2025\/06\/person-holding-smartphone-while-using-laptop-1181244.jpeg",18,12,false]},"uagb_author_info":{"display_name":"Tugay Alperen KIRAY","author_link":"https:\/\/www.officialdavutkiray.com\/eng\/author\/a_datacooker\/"},"uagb_comment_info":0,"uagb_excerpt":"\u0130leti\u015fime Ge\u00e7 \u0130leti\u015fim Formu Herhangi bir soru veya talep i\u00e7in l\u00fctfen formu doldurun. Size en k\u0131sa s\u00fcrede geri d\u00f6nece\u011fiz ve [&hellip;]","_links":{"self":[{"href":"https:\/\/www.officialdavutkiray.com\/eng\/wp-json\/wp\/v2\/pages\/286","targetHints":{"allow":["GET"]}}],"collection":[{"href":"https:\/\/www.officialdavutkiray.com\/eng\/wp-json\/wp\/v2\/pages"}],"about":[{"href":"https:\/\/www.officialdavutkiray.com\/eng\/wp-json\/wp\/v2\/types\/page"}],"author":[{"embeddable":true,"href":"https:\/\/www.officialdavutkiray.com\/eng\/wp-json\/wp\/v2\/users\/5"}],"replies":[{"embeddable":true,"href":"https:\/\/www.officialdavutkiray.com\/eng\/wp-json\/wp\/v2\/comments?post=286"}],"version-history":[{"count":10,"href":"https:\/\/www.officialdavutkiray.com\/eng\/wp-json\/wp\/v2\/pages\/286\/revisions"}],"predecessor-version":[{"id":2569,"href":"https:\/\/www.officialdavutkiray.com\/eng\/wp-json\/wp\/v2\/pages\/286\/revisions\/2569"}],"wp:featuredmedia":[{"embeddable":true,"href":"https:\/\/www.officialdavutkiray.com\/eng\/wp-json\/wp\/v2\/media\/829"}],"wp:attachment":[{"href":"https:\/\/www.officialdavutkiray.com\/eng\/wp-json\/wp\/v2\/media?parent=286"}],"curies":[{"name":"wp","href":"https:\/\/api.w.org\/{rel}","templated":true}]}}